{"id":5964,"date":"2025-12-13T12:49:32","date_gmt":"2025-12-13T01:49:32","guid":{"rendered":"https:\/\/www.luminurprojects.com.au\/?page_id=5964"},"modified":"2025-12-13T12:49:32","modified_gmt":"2025-12-13T01:49:32","slug":"dang-ky-2","status":"publish","type":"page","link":"https:\/\/www.luminurprojects.com.au\/vi\/dang-ky-2\/","title":{"rendered":"\u0110\u0103ng K\u00fd"},"content":{"rendered":"<div class=\"c-shortblock\">\n\n    <div class=\"c-shortblock__wrap\">\n\n        <div class=\"c-shortblock__image\">\n                            <div class=\"lazy bg\" data-bg=\"https:\/\/www.luminurprojects.com.au\/wp-content\/uploads\/2023\/09\/menu-desktop-aspect-ratio-798-1080-8.jpg\"><\/div>\n                                        <div class=\"c-shortblock__image-frame\">\n                                            <div class=\"c-lazy-wrapper\" style=\"padding-bottom:120%\">\n                            <img class=\"lazy square\" data-src=\"https:\/\/www.luminurprojects.com.au\/wp-content\/uploads\/2023\/09\/menu-desktop-aspect-ratio-534-606-4.jpg\">\n                        <\/div>\n                    \n                <\/div>\n                    <\/div>\n        <div class=\"c-shortblock__content\">\n            <div class=\"c-shortblock__content-wrap\">\n                \n                                    <h1><i class=\"icon-ri-mail-line\"><\/i> T\u1ea1o M\u1ed9t T\u00e0i Kho\u1ea3n<\/h1>\n                                                    <div class=\"c-editor-cont p--14-24\">\n                        <p><script>jQuery(document).ready(function(){\n    \/\/ Auto check the input with class \"extra_field_campaign_monitor\" when the page loads\n    jQuery('.extra_field_campaign_monitor').prop('checked', true);\n});\n<\/script><\/p>\n                    <\/div>\n                \n                <div class=\"c-shortblock__content-form\">\n                            <form enctype=\"multipart\/form-data\" method=\"post\" id=\"wppb-register-user\" class=\"wppb-user-forms wppb-register-user wppb-user-logged-out\" action=\"https:\/\/www.luminurprojects.com.au\/vi\/wp-json\/wp\/v2\/pages\/5964\">\n\t\t\t<ul><li class=\"wppb-form-field wppb-html pbpl-class\" id=\"wppb-form-element-22\">\n\t\t\t\t<label><\/label>\n\t\t\t\t<span class=\"custom_field_html \" ><div class=\"c-editor-cont p--14-18\">\n                        <p>Already have an account? <a href=\"\/login\/\">Sign in<\/a><\/p>\n                    <\/div><\/span><\/li><li class=\"wppb-form-field wppb-default-first-name first-col pbpl-class\" id=\"wppb-form-element-3\">\n\t\t\t<label for=\"first_name\">First Name<span class=\"wppb-required\" title=\"This field is required\">*<\/span><\/label>\n\t\t\t<input class=\"text-input default_field_firstname \" name=\"first_name\" maxlength=\"70\" type=\"text\" id=\"first_name\" value=\"\" placeholder = \"First Name*\" \/><\/li><li class=\"wppb-form-field wppb-default-last-name last-col pbpl-class\" id=\"wppb-form-element-4\">\n\t\t\t<label for=\"last_name\">Last Name<span class=\"wppb-required\" title=\"This field is required\">*<\/span><\/label>\n\t\t\t<input class=\"text-input default_field_lastname \" name=\"last_name\" maxlength=\"70\" type=\"text\" id=\"last_name\" value=\"\" placeholder = \"Last Name*\"\/><\/li><li class=\"wppb-form-field wppb-phone pbpl-class\" id=\"wppb-form-element-21\">\n\t\t\t\t<label for=\"mobile_no\">Mobile<span class=\"wppb-required\" title=\"This field is required\">*<\/span><\/label>\n\t\t\t\t<input data-phone-format=\"{&quot;phone_data&quot;:0}\" class=\"extra_field_phone \" name=\"mobile_no\" maxlength=\"70\" type=\"text\" id=\"mobile_no\" value=\"\" placeholder = \"Mobile*\"\/><\/li><li class=\"wppb-form-field wppb-default-e-mail clearfix pbpl-class\" id=\"wppb-form-element-8\">\n\t\t\t<label for=\"email\">E-mail<span class=\"wppb-required\" title=\"This field is required\">*<\/span><\/label>\n\t\t\t<input class=\"text-input default_field_email \" name=\"email\" maxlength=\"70\" type=\"email\" id=\"email\" value=\"\" placeholder = \"E-mail*\"  \/><\/li><li class=\"wppb-form-field wppb-input first-col pbpl-class\" id=\"wppb-form-element-19\">\n\t\t\t\t<label for=\"company\">Company<\/label>\n\t\t\t\t<input class=\"extra_field_input \" name=\"company\" maxlength=\"250\" type=\"text\" id=\"company\" value=\"\" placeholder = \"Company\"\/><\/li><li class=\"wppb-form-field wppb-select last-col pbpl-class\" id=\"wppb-form-element-20\">\n\t\t\t\t<label for=\"profession\">Profession<span class=\"wppb-required\" title=\"This field is required\">*<\/span><\/label>\n\t\t\t\t<select name=\"profession\" id=\"profession\" class=\"custom_field_select\" ><option value=\"\" class=\"custom_field_select_option \" disabled selected>Profession*<\/option><option value=\"agent\" class=\"custom_field_select_option \" >Agent<\/option><option value=\"accountant\" class=\"custom_field_select_option \" >Accountant<\/option><option value=\"broker\" class=\"custom_field_select_option \" >Broker<\/option><option value=\"builder\" class=\"custom_field_select_option \" >Builder<\/option><option value=\"developer\" class=\"custom_field_select_option \" >Developer<\/option><option value=\"financial planner\" class=\"custom_field_select_option \" >Financial Planner<\/option><option value=\"immigration agent\" class=\"custom_field_select_option \" >Immigration Agent<\/option><option value=\"investor\" class=\"custom_field_select_option \" >Investor<\/option><option value=\"wealth manager\" class=\"custom_field_select_option \" >Wealth Manager<\/option>\n\t\t\t\t<\/select><\/li><li class=\"wppb-form-field wppb-default-password pbpl-class\" id=\"wppb-form-element-15\">\n\t\t\t<label for=\"passw1\">Password<span class=\"wppb-required\" title=\"This field is required\">*<\/span><\/label>\n            <span class=\"wppb-password-field-container\">\n\t\t\t    <input class=\"text-input \" name=\"passw1\" maxlength=\"70\" type=\"password\" id=\"passw1\" value=\"\" autocomplete=\"off\" placeholder = \"Password*\"\/>\n\t\t\t     <!-- add the HTML for the visibility toggle -->\n\t\t\t<\/span><span class=\"wppb-description-delimiter\">Minimum length of 8 characters. <\/span><\/li><li class=\"wppb-form-field wppb-default-repeat-password pbpl-class\" id=\"wppb-form-element-16\">\n\t\t\t<label for=\"passw2\">Confirm Password<span class=\"wppb-required\" title=\"This field is required\">*<\/span><\/label>\n\t\t\t<span class=\"wppb-password-field-container\">\n\t\t\t    <input class=\"text-input \" name=\"passw2\" maxlength=\"70\" type=\"password\" id=\"passw2\" value=\"\" autocomplete=\"off\" placeholder = \"Confirm Password*\"\/>\n\t\t\t     <!-- add the HTML for the visibility toggle -->\n\t\t\t<\/span><\/li><li class=\"wppb-form-field wppb-html password-spec pbpl-class\" id=\"wppb-form-element-23\">\n\t\t\t\t<label><\/label>\n\t\t\t\t<span class=\"custom_field_html \" >The password must contain at least one number, one uppercase character, one lowercase character, one special character, and be a minimum of 8 characters.<\/span><\/li><li class=\"wppb-form-field wppb-checkbox-terms-and-conditions pbpl-class\" id=\"wppb-form-element-17\">\n\t\t\t\t<label for=\"acceptance\">\n\t\t\t\t<input value=\"agree\" name=\"acceptance\" id=\"acceptance\" type=\"checkbox\" class=\"custom_field_toa\"   \/>I agree to <a href=\"http:\/\/www.luminurprojects.com.au\/wp-content\/uploads\/2023\/02\/terms-and-conditions.pdf\" target=\"_blank\">Terms and Conditions<\/a><span class=\"wppb-required\" title=\"This field is required\">*<\/span><\/label><span class=\"agree_to_terms\"><\/span><\/li><li class=\"wppb-form-field wppb-campaign-monitor-subscribe pbpl-class\" id=\"wppb-form-element-24\"><label for=\"custom_field_campaign_monitor_subscribe_24\"><input name=\"custom_field_campaign_monitor_subscribe_24\" id=\"custom_field_campaign_monitor_subscribe_24\" class=\"extra_field_campaign_monitor\" type=\"checkbox\" value=\"910ac2041a66df5ae0b7a3468eb38e75\"  \/>Subscribe to our mailing list for property updates.<\/label><\/li><\/ul><ul><\/ul>\t\t\t<p class=\"form-submit\"  >\n\t\t\t\t                \t\t\t\t<input name=\"register\" type=\"submit\" id=\"register\" class=\"submit button\" value=\"Register\" \/>\n                <input name=\"redirect_to\" type=\"hidden\" value=\"\" \/>\n                \t\t\t\t<input name=\"action\" type=\"hidden\" id=\"action\" value=\"register\" \/>\n\t\t\t\t<input name=\"form_name\" type=\"hidden\" id=\"form_name\" value=\"unspecified\" \/>\n\t\t\t\t<input name=\"form_id\" type=\"hidden\" id=\"form_id\" value=\"\" \/>\n\t\t\t\t<input type=\"hidden\" name=\"wppb_referer_url\" value=\"\"\/>\t\t\t<\/p><!-- .form-submit -->\n\t\t\t<input type=\"hidden\" id=\"register_unspecified_nonce_field\" name=\"register_unspecified_nonce_field\" value=\"e341c0d8fc\" \/><input type=\"hidden\" name=\"_wp_http_referer\" value=\"\/vi\/wp-json\/wp\/v2\/pages\/5964\" \/>\t\t<\/form>\n\t\t                <\/div>\n\n            <\/div>\n            <div class=\"c-shortblock__content-contact\">\n                <div class=\"u-h4\">Li\u00ean H\u1ec7<\/div>\n                <div class=\"c-footer__contact-item\">\n                    <i class=\"icon-ri-map\"><\/i><a href=\"https:\/\/goo.gl\/maps\/YSe67tAWVW57zAEw6\" target=\"_blank\">Suite 20, 1 Ricketts Road, <br \/>\r\nMount Waverley VIC 3149<\/a>\n                <\/div>\n                <div class=\"c-footer__contact-item\">\n                    <i class=\"icon-ri-mail\"><\/i><a href=\"mailto:info@luminurprojects.com.au\" target=\"_blank\">info@luminurprojects.com.au<\/a>\n                <\/div>\n                <div class=\"c-footer__contact-item phone\">\n                    <i class=\"icon-ri-phone\"><\/i><a href=\"tel:1300 806 608\" target=\"_blank\">1300 806 608<\/a>\n                <\/div>\n            <\/div>\n        <\/div>\n    <\/div>\n\n<\/div> <!-- .c-mobile-nav -->\n\n<div class=\"c-otp\">\n    <div class=\"c-otp__overlay\"><\/div>\n    <div class=\"c-otp__content\">\n        <div class=\"c-otp__waiting\"><\/div>\n        <p>Vui l\u00f2ng nh\u1eadp m\u00e3 OTP 6 ch\u1eef s\u1ed1:<\/p>\n        <form method=\"post\">\n            <input type=\"hidden\" value=\"verify_otp\">\n            <input type=\"number\" length=\"6\" name=\"otp\" required id=\"field-otp\">\n            <button class=\"c-button c-button--arrow\">\n                <i class=\"loader\"><\/i>\n                <span>G\u1eedi<\/span>\n            <\/button>\n        <\/form>\n    <\/div>\n<\/div>","protected":false},"excerpt":{"rendered":"","protected":false},"author":5,"featured_media":0,"parent":0,"menu_order":5,"comment_status":"closed","ping_status":"closed","template":"","meta":{"_acf_changed":false,"footnotes":""},"class_list":["post-5964","page","type-page","status-publish","hentry"],"acf":[],"yoast_head":"<!-- This site is optimized with the Yoast SEO plugin v26.8 - https:\/\/yoast.com\/product\/yoast-seo-wordpress\/ -->\n<title>\u0110\u0103ng K\u00fd - Luminur Projects<\/title>\n<meta name=\"robots\" content=\"index, follow, max-snippet:-1, max-image-preview:large, max-video-preview:-1\" \/>\n<link rel=\"canonical\" href=\"https:\/\/www.luminurprojects.com.au\/vi\/dang-ky-2\/\" \/>\n<meta property=\"og:locale\" content=\"vi_VN\" \/>\n<meta property=\"og:type\" content=\"article\" \/>\n<meta property=\"og:title\" content=\"\u0110\u0103ng K\u00fd - Luminur Projects\" \/>\n<meta property=\"og:url\" content=\"https:\/\/www.luminurprojects.com.au\/vi\/dang-ky-2\/\" \/>\n<meta property=\"og:site_name\" content=\"Luminur Projects\" \/>\n<meta name=\"twitter:card\" content=\"summary_large_image\" \/>\n<script type=\"application\/ld+json\" class=\"yoast-schema-graph\">{\"@context\":\"https:\/\/schema.org\",\"@graph\":[{\"@type\":\"WebPage\",\"@id\":\"https:\/\/www.luminurprojects.com.au\/vi\/dang-ky-2\/\",\"url\":\"https:\/\/www.luminurprojects.com.au\/vi\/dang-ky-2\/\",\"name\":\"\u0110\u0103ng K\u00fd - Luminur Projects\",\"isPartOf\":{\"@id\":\"https:\/\/www.luminurprojects.com.au\/#website\"},\"datePublished\":\"2025-12-13T01:49:32+00:00\",\"breadcrumb\":{\"@id\":\"https:\/\/www.luminurprojects.com.au\/vi\/dang-ky-2\/#breadcrumb\"},\"inLanguage\":\"vi-VN\",\"potentialAction\":[{\"@type\":\"ReadAction\",\"target\":[\"https:\/\/www.luminurprojects.com.au\/vi\/dang-ky-2\/\"]}]},{\"@type\":\"BreadcrumbList\",\"@id\":\"https:\/\/www.luminurprojects.com.au\/vi\/dang-ky-2\/#breadcrumb\",\"itemListElement\":[{\"@type\":\"ListItem\",\"position\":1,\"name\":\"Home\",\"item\":\"https:\/\/www.luminurprojects.com.au\/vi\/\"},{\"@type\":\"ListItem\",\"position\":2,\"name\":\"\u0110\u0103ng K\u00fd\"}]},{\"@type\":\"WebSite\",\"@id\":\"https:\/\/www.luminurprojects.com.au\/#website\",\"url\":\"https:\/\/www.luminurprojects.com.au\/\",\"name\":\"Luminur Projects\",\"description\":\"\",\"potentialAction\":[{\"@type\":\"SearchAction\",\"target\":{\"@type\":\"EntryPoint\",\"urlTemplate\":\"https:\/\/www.luminurprojects.com.au\/?s={search_term_string}\"},\"query-input\":{\"@type\":\"PropertyValueSpecification\",\"valueRequired\":true,\"valueName\":\"search_term_string\"}}],\"inLanguage\":\"vi-VN\"}]}<\/script>\n<!-- \/ Yoast SEO plugin. -->","yoast_head_json":{"title":"\u0110\u0103ng K\u00fd - Luminur Projects","robots":{"index":"index","follow":"follow","max-snippet":"max-snippet:-1","max-image-preview":"max-image-preview:large","max-video-preview":"max-video-preview:-1"},"canonical":"https:\/\/www.luminurprojects.com.au\/vi\/dang-ky-2\/","og_locale":"vi_VN","og_type":"article","og_title":"\u0110\u0103ng K\u00fd - Luminur Projects","og_url":"https:\/\/www.luminurprojects.com.au\/vi\/dang-ky-2\/","og_site_name":"Luminur Projects","twitter_card":"summary_large_image","schema":{"@context":"https:\/\/schema.org","@graph":[{"@type":"WebPage","@id":"https:\/\/www.luminurprojects.com.au\/vi\/dang-ky-2\/","url":"https:\/\/www.luminurprojects.com.au\/vi\/dang-ky-2\/","name":"\u0110\u0103ng K\u00fd - Luminur Projects","isPartOf":{"@id":"https:\/\/www.luminurprojects.com.au\/#website"},"datePublished":"2025-12-13T01:49:32+00:00","breadcrumb":{"@id":"https:\/\/www.luminurprojects.com.au\/vi\/dang-ky-2\/#breadcrumb"},"inLanguage":"vi-VN","potentialAction":[{"@type":"ReadAction","target":["https:\/\/www.luminurprojects.com.au\/vi\/dang-ky-2\/"]}]},{"@type":"BreadcrumbList","@id":"https:\/\/www.luminurprojects.com.au\/vi\/dang-ky-2\/#breadcrumb","itemListElement":[{"@type":"ListItem","position":1,"name":"Home","item":"https:\/\/www.luminurprojects.com.au\/vi\/"},{"@type":"ListItem","position":2,"name":"\u0110\u0103ng K\u00fd"}]},{"@type":"WebSite","@id":"https:\/\/www.luminurprojects.com.au\/#website","url":"https:\/\/www.luminurprojects.com.au\/","name":"Luminur Projects","description":"","potentialAction":[{"@type":"SearchAction","target":{"@type":"EntryPoint","urlTemplate":"https:\/\/www.luminurprojects.com.au\/?s={search_term_string}"},"query-input":{"@type":"PropertyValueSpecification","valueRequired":true,"valueName":"search_term_string"}}],"inLanguage":"vi-VN"}]}},"_links":{"self":[{"href":"https:\/\/www.luminurprojects.com.au\/vi\/wp-json\/wp\/v2\/pages\/5964","targetHints":{"allow":["GET"]}}],"collection":[{"href":"https:\/\/www.luminurprojects.com.au\/vi\/wp-json\/wp\/v2\/pages"}],"about":[{"href":"https:\/\/www.luminurprojects.com.au\/vi\/wp-json\/wp\/v2\/types\/page"}],"author":[{"embeddable":true,"href":"https:\/\/www.luminurprojects.com.au\/vi\/wp-json\/wp\/v2\/users\/5"}],"replies":[{"embeddable":true,"href":"https:\/\/www.luminurprojects.com.au\/vi\/wp-json\/wp\/v2\/comments?post=5964"}],"version-history":[{"count":1,"href":"https:\/\/www.luminurprojects.com.au\/vi\/wp-json\/wp\/v2\/pages\/5964\/revisions"}],"predecessor-version":[{"id":5965,"href":"https:\/\/www.luminurprojects.com.au\/vi\/wp-json\/wp\/v2\/pages\/5964\/revisions\/5965"}],"wp:attachment":[{"href":"https:\/\/www.luminurprojects.com.au\/vi\/wp-json\/wp\/v2\/media?parent=5964"}],"curies":[{"name":"wp","href":"https:\/\/api.w.org\/{rel}","templated":true}]}}