{"id":3653,"date":"2020-11-23T05:17:58","date_gmt":"2020-11-22T18:17:58","guid":{"rendered":"https:\/\/www.luminurprojects.com.au\/ve-chung-toi\/"},"modified":"2024-03-18T16:13:54","modified_gmt":"2024-03-18T05:13:54","slug":"ve-chung-toi","status":"publish","type":"page","link":"https:\/\/www.luminurprojects.com.au\/vi\/ve-chung-toi\/","title":{"rendered":"V\u1ec1 Ch\u00fang T\u00f4i"},"content":{"rendered":"\n<div class=\"b-page-header c-block d-pt-- d-pb-- m-pt-- m-pb--   \" id=\"\">\n    <div class=\"o-wrapper\">\n        <div class=\"b-page-header__intro d-pt--160\">\n                            <div class=\"c-subtitle\" data-aos=\"fade-up\">V\u1ec1 Ch\u00fang T\u00f4i<\/div>\n                                        <h1 data-aos=\"fade-up\" data-aos-delay=\"200\">D\u1eabn d\u1eaft b\u1edfi t\u1ea7m nh\u00ecn t\u1ea1o l\u1eadp m\u1ed9t h\u1ec7 sinh th\u00e1i b\u1ea5t \u0111\u1ed9ng s\u1ea3n h\u1ee3p nh\u1ea5t.<\/h1>\n                        <span class=\"b-page-header__intro-line\" data-aos=\"reveal\"><\/span>\n        <\/div>\n    <\/div>\n\n    <div class=\"b-page-header__mask\">\n        <div class=\"b-page-header__image\">\n            \n                            <div class=\"c-lazy-wrapper desktop\" style=\"padding-bottom: 47.52%\">\n                    <img\n                        class=\"c-image lazy \"\n                        data-src=\"https:\/\/www.luminurprojects.com.au\/wp-content\/uploads\/2023\/12\/about-main-image-aspect-ratio-1920-912.jpg\"\n                        alt=\"\"\n                    >\n                <\/div>\n            \n        <\/div>\n    <\/div>\n\n<\/div>\n\n\n<div class=\"b-cont-block c-block d-pt--160 d-pb--160 m-pt--56 m-pb--56  u-pb-0 \" id=\"\">\n    <div class=\"o-wrapper\">\n        \n        <div class=\"b-cont-block__intro\"  data-aos=\"fade-up\">\n            <p class=\"p--24-48\">\n                                Luminur Projects \u0111\u01b0\u1ee3c th\u00e0nh l\u1eadp b\u1edfi Niaz Eghrari v\u00e0 Zoe Li, k\u1ebft h\u1ee3p s\u1ef1 ho\u00e0n h\u1ea3o gi\u1eefa t\u1ea7m nh\u00ecn c\u1ee7a chuy\u00ean gia b\u1ea5t \u0111\u1ed9ng s\u1ea3n v\u00e0 thi\u1ebft k\u1ebf, t\u1ea1o ra s\u1ef1 h\u1ee3p nh\u1ea5t gi\u00fap hi\u1ec3u r\u00f5 s\u00e2u r\u1ed9ng v\u1ec1 thi\u1ebft k\u1ebf, ph\u00e1t tri\u1ec3n, ti\u1ebfp th\u1ecb v\u00e0 th\u1ef1c hi\u1ec7n \u0111\u1ec3 \u0111\u1ecbnh ngh\u0129a l\u1ea1i xu\u1ea5t s\u1eafc trong ng\u00e0nh b\u1ea5t \u0111\u1ed9ng s\u1ea3n.            <\/p>\n        <\/div>\n        \n        <div class=\"b-cont-block__text\">\n            <div class=\"b-cont-block__button\" data-aos=\"fade-up\" data-aos-delay=\"200\">\n                                    <a class='c-button c-button--arrow' href='#' ><span>H\u00e3y tham gia c\u00f9ng ch\u00fang t\u00f4i h\u00f4m nay<\/span><\/a>                \n\n                <div class=\"b-cont-block__image\">\n                \n                            \n            <\/div>\n\n\n            <\/div>\n            <div class=\"c-editor-cont p--18-44\">\n\n                \n                \n                <div data-splitting class=\"text-fade-in\">\n                    <p>C\u00f9ng nhau, h\u1ecd mang l\u1ea1i h\u01a1n m\u1ed9t th\u1eadp k\u1ef7 \u0111\u1ea7y \u0111\u1ee7 kinh nghi\u1ec7m trong l\u0129nh v\u1ef1c ki\u1ebfn tr\u00fac, b\u1ea5t \u0111\u1ed9ng s\u1ea3n v\u00e0 ti\u1ebfp th\u1ecb. H\u00e0nh tr\u00ecnh c\u1ee7a h\u1ecd b\u1eaft \u0111\u1ea7u t\u1eeb s\u1ef1 \u0111am m\u00ea chung v\u1ec1 vi\u1ec7c k\u1ebft h\u1ee3p thi\u1ebft k\u1ebf v\u00e0 b\u1ea5t \u0111\u1ed9ng s\u1ea3n, d\u1eabn \u0111\u1ebfn vi\u1ec7c th\u00e0nh l\u1eadp Luminur Projects. S\u1ef1 h\u1ee3p nh\u1ea5t gi\u1eefa chuy\u00ean gia thi\u1ebft k\u1ebf v\u00e0 b\u1ea5t \u0111\u1ed9ng s\u1ea3n h\u00ecnh th\u00e0nh c\u1ed1t l\u00f5i c\u1ee7a gi\u00e1 tr\u1ecb c\u1ee7a c\u00f4ng ty. \u0110\u1ed5i m\u1edbi, minh b\u1ea1ch v\u00e0 s\u1ef1 t\u1eadp trung kh\u00f4ng lay chuy\u1ec3n \u0111\u1ed1i v\u1edbi kh\u00e1ch h\u00e0ng l\u00e0 n\u1ec1n t\u1ea3ng m\u00e0 Luminur Projects \u0111\u01b0\u1ee3c x\u00e2y d\u1ef1ng tr\u00ean.<\/p>\n<p>Cam k\u1ebft c\u1ee7a Niaz v\u00e0 Zoe \u0111\u1ed1i v\u1edbi nh\u1eefng gi\u00e1 tr\u1ecb n\u00e0y \u0111\u1ea3m b\u1ea3o r\u1eb1ng m\u1ecdi d\u1ef1 \u00e1n \u0111\u01b0\u1ee3c th\u1ef1c hi\u1ec7n b\u1edfi c\u00f4ng ty \u0111\u1ec1u \u0111\u01b0\u1ee3c truy\u1ec1n \u0111\u1ea1t v\u1edbi s\u1ef1 xu\u1ea5t s\u1eafc, t\u1eeb kh\u00e1i ni\u1ec7m \u0111\u1ebfn th\u1ef1c hi\u1ec7n. T\u1ea1i d\u1ef1 \u00e1n Luminur, ch\u00fang t\u00f4i kh\u00f4ng ch\u1ec9 \u0111\u01a1n gi\u1ea3n cung c\u1ea5p d\u1ecbch v\u1ee5; m\u00e0 c\u00f2n mang \u0111\u1ebfn nh\u1eefng gi\u1ea3i ph\u00e1p to\u00e0n di\u1ec7n th\u1ec3 hi\u1ec7n s\u1ef1 hi\u1ec3u bi\u1ebft s\u00e2u r\u1ed9ng c\u1ee7a ch\u00fang t\u00f4i v\u1ec1 thi\u1ebft k\u1ebf, ph\u00e1t tri\u1ec3n, ti\u1ebfp th\u1ecb v\u00e0 th\u1ef1c thi. Ch\u00fang t\u00f4i tr\u00e2n tr\u1ecdng m\u1eddi b\u1ea1n \u0111\u1ed3ng h\u00e0nh c\u00f9ng ch\u00fang t\u00f4i v\u00e0 tr\u1ea3i nghi\u1ec7m m\u1ed9t kh\u00e1i ni\u1ec7m m\u1edbi v\u1ec1 b\u1ea5t \u0111\u1ed9ng s\u1ea3n.<\/p>\n                <\/div>\n            <\/div>\n        <\/div>\n        \n\n    <\/div>\n\n<\/div>\n<div class=\"b-directors c-bg-color--tertiary c-block d-pt--160 d-pb--160 m-pt--56 m-pb--56   \" id=\"\">\n    <div class=\"o-wrapper\">\n                    <h3 class=\"u-h2 d-mb--72 m-mb--24\" data-aos=\"fade-up\">Gi\u00e1m \u0110\u1ed1c<\/h3>\n        \n        <div class=\"b-directors__persons\">\n                        \n                                    <div class=\"c-person\">\n                        <div class=\"c-person__photo\">\n                            <div class=\"c-lazy-wrapper\" style=\"padding-bottom:125%\" data-reveal>\n                                                                    <img data-src=\"https:\/\/www.luminurprojects.com.au\/wp-content\/uploads\/2023\/12\/niaz-seating-aspect-ratio-276-344-1.jpg\" alt=\"\" class=\"lazy\">\n                                                            <\/div>\n                        <\/div>\n                        <div class=\"c-person__info\">\n                            <div class=\"c-person__header d-mb--48 m-mb--32\" data-aos=\"fade-up\">\n                                <div class=\"c-person__info-name\">\n                                    Niaz Eghrari                                <\/div>\n                                <div class=\"c-person__info-pos\">\n                                    Gi\u00e1m \u0110\u1ed1c Qu\u1ea3n L\u00fd                                <\/div>\n                                <div class=\"c-person__info-contact\">\n                                                                            <a href=\"mailto:niaz@luminurprojects.com.au\"><i class=\"icon-ri-mail-line\"><\/i><\/a>\n                                                                                                                <a href=\"tel:0431138145\"><i class=\"icon-ri-phone\"><\/i><\/a>\n                                                                    <\/div>\n                            <\/div>\n                            <div class=\"c-person__info-desc p--14-24\" data-aos=\"fade-up\" data-aos-delay=\"200\">\n                                Niaz Eghrari c\u00f3 m\u1ed9t l\u1ecbch s\u1eed \u0111a d\u1ea1ng v\u00e0 s\u00e2u s\u1eafc trong c\u1ea3 hai l\u0129nh v\u1ef1c ki\u1ebfn tr\u00fac v\u00e0 b\u1ea5t \u0111\u1ed9ng s\u1ea3n. H\u00e0nh tr\u00ecnh chuy\u00ean nghi\u1ec7p c\u1ee7a Niaz b\u1eaft \u0111\u1ea7u v\u00e0o n\u0103m 2010, bao g\u1ed3m c\u00e1c d\u1ef1 \u00e1n thi\u1ebft k\u1ebf ki\u1ebfn tr\u00fac c\u1ea3 \u1edf c\u1ea5p \u0111\u1ecba ph\u01b0\u01a1ng v\u00e0 qu\u1ed1c t\u1ebf. N\u0103m 2016, Niaz Eghrari th\u00e0nh l\u1eadp Luminur Group, m\u1ed9t c\u00f4ng ty thi\u1ebft k\u1ebf v\u00e0 ph\u00e1t tri\u1ec3n \u0111\u1eb7c bi\u1ec7t c\u00f3 tr\u1ee5 s\u1edf t\u1ea1i Melbourne. C\u00f4ng ty chuy\u00ean t\u1ea1o ra nh\u1eefng d\u1ef1 \u00e1n sang tr\u1ecdng v\u00e0 \u0111a c\u01b0 tr\u00fa, v\u1edbi s\u1ef1 t\u1eadp trung \u0111\u1eb7c bi\u1ec7t v\u00e0o vi\u1ec7c t\u1ea1o ra nh\u1eefng d\u1ef1 \u00e1n \u0111\u1ed9c \u0111\u00e1o ph\u00f9 h\u1ee3p v\u1edbi nhu c\u1ea7u \u0111\u1eb7c bi\u1ec7t c\u1ee7a ch\u1ee7 s\u1edf h\u1eefu v\u00e0 nh\u00e0 \u0111\u1ea7u t\u01b0.\n\nNiaz mang \u0111\u1ebfn Luminur Projects \u0111am m\u00ea s\u00e2u s\u1eafc v\u1ec1 b\u1ea5t \u0111\u1ed9ng s\u1ea3n, \u0111\u01b0\u1ee3c nh\u1ea5n m\u1ea1nh b\u1edfi kh\u1ea3 n\u0103ng \u0111\u00e0m ph\u00e1n xu\u1ea5t s\u1eafc v\u00e0 s\u1ef1 hi\u1ec3u bi\u1ebft s\u00e2u r\u1ed9ng v\u1ec1 c\u00e1c quy \u0111\u1ecbnh v\u1ec1 nh\u00e0 \u1edf v\u00e0 ch\u00ednh s\u00e1ch c\u1ee7a h\u1ed9i \u0111\u1ed3ng \u0111\u1ecba ph\u01b0\u01a1ng. Ki\u1ebfn th\u1ee9c to\u00e0n di\u1ec7n n\u00e0y t\u1ef1 nhi\u00ean \u0111\u00e3 \u0111\u01b0a Niaz ti\u1ebfn s\u00e2u h\u01a1n v\u00e0o qu\u00e1 tr\u00ecnh mua b\u00e1n v\u00e0 b\u00e1n h\u00e0ng b\u1ea5t \u0111\u1ed9ng s\u1ea3n. N\u1ec1n t\u1ea3ng c\u1ee7a Niaz trong thi\u1ebft k\u1ebf ki\u1ebfn tr\u00fac v\u00e0 qu\u1ea3n l\u00fd d\u1ef1 \u00e1n \u0111\u00f3ng m\u1ed9t vai tr\u00f2 quan tr\u1ecdng trong vi\u1ec7c ho\u00e0n thi\u1ec7n c\u00e1c d\u1ef1 \u00e1n \u0111\u1ec3 \u0111\u1ea1t \u0111\u01b0\u1ee3c k\u1ebft qu\u1ea3 b\u00e1n h\u00e0ng t\u1ed1i \u01b0u, t\u1eeb \u0111\u00f3 t\u1ed1i \u0111a h\u00f3a l\u1ee3i nhu\u1eadn cho c\u00e1c nh\u00e0 ph\u00e1t tri\u1ec3n. Niaz Eghrari \u0111\u00f3ng vai tr\u00f2 quan tr\u1ecdng \u0111\u1eb1ng sau cam k\u1ebft c\u1ee7a Luminur Projects v\u1edbi s\u1ef1 xu\u1ea5t s\u1eafc, \u0111\u1ea3m b\u1ea3o th\u00e0nh c\u00f4ng cho nh\u1eefng n\u1ed7 l\u1ef1c v\u1ec1 b\u1ea5t \u0111\u1ed9ng s\u1ea3n c\u1ee7a b\u1ea1n.                            <\/div>\n                        <\/div>\n                    <\/div>\n            \n                                    <div class=\"c-person\">\n                        <div class=\"c-person__photo\">\n                            <div class=\"c-lazy-wrapper\" style=\"padding-bottom:125%\" data-reveal>\n                                                                    <img data-src=\"https:\/\/www.luminurprojects.com.au\/wp-content\/uploads\/2023\/12\/zoe-seating-aspect-ratio-276-344-2.jpg\" alt=\"\" class=\"lazy\">\n                                                            <\/div>\n                        <\/div>\n                        <div class=\"c-person__info\">\n                            <div class=\"c-person__header d-mb--48 m-mb--32\" data-aos=\"fade-up\">\n                                <div class=\"c-person__info-name\">\n                                    Zoe Li                                <\/div>\n                                <div class=\"c-person__info-pos\">\n                                    Gi\u00e1m \u0110\u1ed1c Qu\u1ea3n L\u00fd                                <\/div>\n                                <div class=\"c-person__info-contact\">\n                                                                            <a href=\"mailto:zoe@luminurprojects.com.au\"><i class=\"icon-ri-mail-line\"><\/i><\/a>\n                                                                                                                <a href=\"tel:0473366666\"><i class=\"icon-ri-phone\"><\/i><\/a>\n                                                                    <\/div>\n                            <\/div>\n                            <div class=\"c-person__info-desc p--14-24\" data-aos=\"fade-up\" data-aos-delay=\"200\">\n                                V\u1edbi m\u1ed9t th\u1eadp k\u1ef7 kinh nghi\u1ec7m t\u1eadn t\u00e2m trong ng\u00e0nh b\u1ea5t \u0111\u1ed9ng s\u1ea3n, Zoe Li \u0111\u00e3 l\u00e0m chuy\u00ean s\u00e2u v\u1ec1 c\u00e1c l\u0129nh v\u1ef1c \u0111\u1eb7c bi\u1ec7t, t\u1eadp trung ch\u1ee7 y\u1ebfu v\u00e0o b\u1ea5t \u0111\u1ed9ng s\u1ea3n d\u1ef1 ki\u1ebfn v\u00e0 ngo\u1ea1i th\u1ecb tr\u01b0\u1eddng, bao g\u1ed3m c\u1ea3 b\u1ea5t \u0111\u1ed9ng s\u1ea3n d\u00e2n d\u1ee5 v\u00e0 c\u00f4ng nghi\u1ec7p. Trong su\u1ed1t s\u00e1u n\u0103m qua, Zoe \u0111\u00e3 \u0111\u1ea1t \u0111\u01b0\u1ee3c m\u1ed9t h\u1ed3 s\u01a1 b\u00e1n h\u00e0ng \u1ea5n t\u01b0\u1ee3ng, t\u00ednh \u0111\u1ebfn t\u1ed5ng c\u1ed9ng h\u01a1n 300 tri\u1ec7u \u0111\u00f4 la trong c\u00e1c giao d\u1ecbch th\u00e0nh c\u00f4ng. H\u1ed3 s\u01a1 xu\u1ea5t s\u1eafc c\u1ee7a c\u00f4 m\u1edf r\u1ed9ng \u0111\u1ebfn vi\u1ec7c b\u00e1n nhi\u1ec1u khu nh\u00e0 th\u1ecb x\u00e3 sang tr\u1ecdng \u1edf khu v\u1ef1c \u0111\u00f4ng phong c\u00e1ch, ph\u1ee5c v\u1ee5 cho c\u1ed9ng \u0111\u1ed3ng ng\u01b0\u1eddi ch\u00e2u \u00c1.\nH\u00e0nh tr\u00ecnh c\u1ee7a Zoe trong ng\u00e0nh \u0111\u00e3 gi\u00fap c\u00f4 ph\u00e1t tri\u1ec3n m\u1ea1ng l\u01b0\u1edbi b\u00e1n hang quy m\u00f4 l\u1edbn v\u00e0 thu h\u00fat m\u1ed9t l\u01b0\u1ee3ng l\u1edbn gi\u1edbi thi\u1ec7u, \u0111\u1eb7t c\u00f4 d\u01b0\u1edbi t\u01b0 c\u00e1ch l\u00e0 m\u1ed9t \u0111\u1ea1i l\u00fd nh\u00e0y nh\u1eb7n kinh nghi\u1ec7m. S\u1ef1 hi\u1ec3u bi\u1ebft s\u00e2u s\u1eafc c\u1ee7a Zoe v\u1ec1 nh\u1eefng s\u1ef1 ph\u1ee9c t\u1ea1p trong qu\u00e1 tr\u00ecnh ph\u00e1t tri\u1ec3n v\u00e0 kh\u1ea3 n\u0103ng b\u00e1n h\u00e0ng ch\u1ee9ng minh l\u00e0 nh\u1eefng t\u00e0i s\u1ea3n qu\u00fd gi\u00e1 c\u00f3 th\u1ec3 c\u1ea3i thi\u1ec7n \u0111\u00e1ng k\u1ec3 v\u1ecb th\u1ebf, ti\u1ebfp th\u1ecb v\u00e0 th\u00e0nh c\u00f4ng b\u00e1n h\u00e0ng cho c\u00e1c d\u1ef1 \u00e1n b\u1ea5t \u0111\u1ed9ng s\u1ea3n c\u1ee7a b\u1ea1n. Zoe Li l\u00e0 \u0111\u1ed1i t\u00e1c \u0111\u00e1ng tin c\u1eady c\u1ee7a b\u1ea1n \u0111\u1ec3 \u0111i\u1ec1u h\u01b0\u1edbng trong th\u1ebf gi\u1edbi \u0111\u1ed9ng \u0111\u1ea5t c\u1ee7a b\u1ea5t \u0111\u1ed9ng s\u1ea3n m\u1ed9t c\u00e1ch ch\u00ednh x\u00e1c v\u00e0 xu\u1ea5t s\u1eafc.                            <\/div>\n                        <\/div>\n                    <\/div>\n            \n                            \n                        \n        <\/div>\n\n    <\/div>\n\n<\/div>\n\n\n<div class=\"b-image c-block d-pt--160 d-pb--160 m-pt--56 m-pb--56 u-pt-0 u-pb-0 \" id=\"\">\n    <div class=\"b-image__wrapper\" data-aos=\"fade-in\">\n\n        \n                    <div class=\"c-lazy-wrapper desktop\" style=\"padding-bottom: 56.25%\">\n                <img\n            data-src='https:\/\/www.luminurprojects.com.au\/wp-content\/uploads\/2023\/11\/footer-03-1000x563.jpg'\n            alt=''\n            class='lazy' \n            srcset='\n            https:\/\/www.luminurprojects.com.au\/wp-content\/uploads\/2023\/11\/footer-03-1000x563.jpg 1000w,\n            https:\/\/www.luminurprojects.com.au\/wp-content\/uploads\/2023\/11\/footer-03-1920x1080.jpg 2000w,\n            https:\/\/www.luminurprojects.com.au\/wp-content\/uploads\/2023\/11\/footer-03.jpg 4000w'\n            sizes='100vw'\n        \/>            <\/div>\n        \n    <\/div>\n<\/div>\n\n\n<div class=\"b-text-block c-block d-pt--160 d-pb--160 m-pt--56 m-pb--56   \" id=\"\">\n    <div class=\"o-wrapper o-wrapper--medium\">\n                    <div class=\"c-subtitle\" data-aos=\"fade-up\">H\u00e3y tham gia c\u00f9ng ch\u00fang t\u00f4i h\u00f4m nay<\/div>\n                <div class=\"c-editor-cont p--32-80\" data-aos=\"fade-up\" data-aos-delay=\"200\">\n            <p>H\u00e3y \u0111\u01b0a d\u1ef1 \u00e1n c\u1ee7a b\u1ea1n l\u00ean t\u1ea7m cao m\u1edbi v\u1edbi s\u1ef1 h\u1ed7 tr\u1ee3 c\u1ee7a Luminur Projects. C\u00f9ng nhau, ch\u00fang ta s\u1ebd bi\u1ebfn t\u1ea7m nh\u00ecn c\u1ee7a b\u1ea1n th\u00e0nh hi\u1ec7n th\u1ef1c v\u00e0 \u0111\u1ea1t \u0111\u01b0\u1ee3c s\u1ef1 th\u00e0nh c\u00f4ng kh\u00f4ng gi\u1edbi h\u1ea1n tr\u00ean th\u1ecb tr\u01b0\u1eddng b\u1ea5t \u0111\u1ed9ng s\u1ea3n.<\/p>\n        <\/div>\n            <\/div>\n<\/div>\n\n","protected":false},"excerpt":{"rendered":"","protected":false},"author":77,"featured_media":0,"parent":0,"menu_order":10,"comment_status":"closed","ping_status":"closed","template":"","meta":{"_acf_changed":false,"footnotes":""},"class_list":["post-3653","page","type-page","status-publish","hentry"],"acf":[],"yoast_head":"<!-- This site is optimized with the Yoast SEO plugin v26.8 - https:\/\/yoast.com\/product\/yoast-seo-wordpress\/ -->\n<title>V\u1ec1 Ch\u00fang T\u00f4i - Luminur Projects<\/title>\n<meta name=\"robots\" content=\"index, follow, max-snippet:-1, max-image-preview:large, max-video-preview:-1\" \/>\n<link rel=\"canonical\" href=\"https:\/\/www.luminurprojects.com.au\/vi\/ve-chung-toi\/\" \/>\n<meta property=\"og:locale\" content=\"vi_VN\" \/>\n<meta property=\"og:type\" content=\"article\" \/>\n<meta property=\"og:title\" content=\"V\u1ec1 Ch\u00fang T\u00f4i - Luminur Projects\" \/>\n<meta property=\"og:url\" content=\"https:\/\/www.luminurprojects.com.au\/vi\/ve-chung-toi\/\" \/>\n<meta property=\"og:site_name\" content=\"Luminur Projects\" \/>\n<meta property=\"article:modified_time\" content=\"2024-03-18T05:13:54+00:00\" \/>\n<meta name=\"twitter:card\" content=\"summary_large_image\" \/>\n<script type=\"application\/ld+json\" class=\"yoast-schema-graph\">{\"@context\":\"https:\/\/schema.org\",\"@graph\":[{\"@type\":\"WebPage\",\"@id\":\"https:\/\/www.luminurprojects.com.au\/vi\/ve-chung-toi\/\",\"url\":\"https:\/\/www.luminurprojects.com.au\/vi\/ve-chung-toi\/\",\"name\":\"V\u1ec1 Ch\u00fang T\u00f4i - Luminur Projects\",\"isPartOf\":{\"@id\":\"https:\/\/www.luminurprojects.com.au\/#website\"},\"datePublished\":\"2020-11-22T18:17:58+00:00\",\"dateModified\":\"2024-03-18T05:13:54+00:00\",\"breadcrumb\":{\"@id\":\"https:\/\/www.luminurprojects.com.au\/vi\/ve-chung-toi\/#breadcrumb\"},\"inLanguage\":\"vi-VN\",\"potentialAction\":[{\"@type\":\"ReadAction\",\"target\":[\"https:\/\/www.luminurprojects.com.au\/vi\/ve-chung-toi\/\"]}]},{\"@type\":\"BreadcrumbList\",\"@id\":\"https:\/\/www.luminurprojects.com.au\/vi\/ve-chung-toi\/#breadcrumb\",\"itemListElement\":[{\"@type\":\"ListItem\",\"position\":1,\"name\":\"Home\",\"item\":\"https:\/\/www.luminurprojects.com.au\/vi\/\"},{\"@type\":\"ListItem\",\"position\":2,\"name\":\"V\u1ec1 Ch\u00fang T\u00f4i\"}]},{\"@type\":\"WebSite\",\"@id\":\"https:\/\/www.luminurprojects.com.au\/#website\",\"url\":\"https:\/\/www.luminurprojects.com.au\/\",\"name\":\"Luminur Projects\",\"description\":\"\",\"potentialAction\":[{\"@type\":\"SearchAction\",\"target\":{\"@type\":\"EntryPoint\",\"urlTemplate\":\"https:\/\/www.luminurprojects.com.au\/?s={search_term_string}\"},\"query-input\":{\"@type\":\"PropertyValueSpecification\",\"valueRequired\":true,\"valueName\":\"search_term_string\"}}],\"inLanguage\":\"vi-VN\"}]}<\/script>\n<!-- \/ Yoast SEO plugin. -->","yoast_head_json":{"title":"V\u1ec1 Ch\u00fang T\u00f4i - Luminur Projects","robots":{"index":"index","follow":"follow","max-snippet":"max-snippet:-1","max-image-preview":"max-image-preview:large","max-video-preview":"max-video-preview:-1"},"canonical":"https:\/\/www.luminurprojects.com.au\/vi\/ve-chung-toi\/","og_locale":"vi_VN","og_type":"article","og_title":"V\u1ec1 Ch\u00fang T\u00f4i - Luminur Projects","og_url":"https:\/\/www.luminurprojects.com.au\/vi\/ve-chung-toi\/","og_site_name":"Luminur Projects","article_modified_time":"2024-03-18T05:13:54+00:00","twitter_card":"summary_large_image","schema":{"@context":"https:\/\/schema.org","@graph":[{"@type":"WebPage","@id":"https:\/\/www.luminurprojects.com.au\/vi\/ve-chung-toi\/","url":"https:\/\/www.luminurprojects.com.au\/vi\/ve-chung-toi\/","name":"V\u1ec1 Ch\u00fang T\u00f4i - Luminur Projects","isPartOf":{"@id":"https:\/\/www.luminurprojects.com.au\/#website"},"datePublished":"2020-11-22T18:17:58+00:00","dateModified":"2024-03-18T05:13:54+00:00","breadcrumb":{"@id":"https:\/\/www.luminurprojects.com.au\/vi\/ve-chung-toi\/#breadcrumb"},"inLanguage":"vi-VN","potentialAction":[{"@type":"ReadAction","target":["https:\/\/www.luminurprojects.com.au\/vi\/ve-chung-toi\/"]}]},{"@type":"BreadcrumbList","@id":"https:\/\/www.luminurprojects.com.au\/vi\/ve-chung-toi\/#breadcrumb","itemListElement":[{"@type":"ListItem","position":1,"name":"Home","item":"https:\/\/www.luminurprojects.com.au\/vi\/"},{"@type":"ListItem","position":2,"name":"V\u1ec1 Ch\u00fang T\u00f4i"}]},{"@type":"WebSite","@id":"https:\/\/www.luminurprojects.com.au\/#website","url":"https:\/\/www.luminurprojects.com.au\/","name":"Luminur Projects","description":"","potentialAction":[{"@type":"SearchAction","target":{"@type":"EntryPoint","urlTemplate":"https:\/\/www.luminurprojects.com.au\/?s={search_term_string}"},"query-input":{"@type":"PropertyValueSpecification","valueRequired":true,"valueName":"search_term_string"}}],"inLanguage":"vi-VN"}]}},"_links":{"self":[{"href":"https:\/\/www.luminurprojects.com.au\/vi\/wp-json\/wp\/v2\/pages\/3653","targetHints":{"allow":["GET"]}}],"collection":[{"href":"https:\/\/www.luminurprojects.com.au\/vi\/wp-json\/wp\/v2\/pages"}],"about":[{"href":"https:\/\/www.luminurprojects.com.au\/vi\/wp-json\/wp\/v2\/types\/page"}],"author":[{"embeddable":true,"href":"https:\/\/www.luminurprojects.com.au\/vi\/wp-json\/wp\/v2\/users\/77"}],"replies":[{"embeddable":true,"href":"https:\/\/www.luminurprojects.com.au\/vi\/wp-json\/wp\/v2\/comments?post=3653"}],"version-history":[{"count":0,"href":"https:\/\/www.luminurprojects.com.au\/vi\/wp-json\/wp\/v2\/pages\/3653\/revisions"}],"wp:attachment":[{"href":"https:\/\/www.luminurprojects.com.au\/vi\/wp-json\/wp\/v2\/media?parent=3653"}],"curies":[{"name":"wp","href":"https:\/\/api.w.org\/{rel}","templated":true}]}}